{"id":2826,"date":"2018-11-21T12:49:42","date_gmt":"2018-11-21T12:49:42","guid":{"rendered":"http:\/\/en.ouragro.es\/?page_id=2826"},"modified":"2019-01-18T12:23:34","modified_gmt":"2019-01-18T12:23:34","slug":"contact-us","status":"publish","type":"page","link":"https:\/\/en.ouragro.es\/?page_id=2826","title":{"rendered":"Contact Us"},"content":{"rendered":"<div  data-label=\"Content\" data-id=\"content--2\" data-export-id=\"content-12\" data-category=\"content\" class=\"content-12 content-section content-section-spacing\" id=\"content-2\" style=\"background-color: rgb(255, 255, 255); background-image: url(&quot;https:\/\/en.ouragro.es\/wp-content\/uploads\/2018\/09\/barracabecera.png&quot;); background-size: cover; background-position: center top;\"><div  class=\"gridContainer\">  <div  class=\"row center-xs middle-xs\"> <div  class=\"col-sm-9\" data-type=\"column\"> <\/div> <\/div><\/div> <\/div><div  data-label=\"Contact\" data-id=\"contact--1\" data-export-id=\"contact-1\" data-category=\"contact\" class=\"contact-1 content-section content-section-spacing white-text\" data-parallax-depth=\"20\" id=\"contact-1\" style=\"background-color: rgb(255, 255, 255); background-image: none;\" data-section-ov=\"1\"><div  class=\"gridContainer\"> <div  class=\"row text-center\"><div  class=\"section-title-col\" data-type=\"column\"> <h2  class=\"\"><span  style=\"color: rgb(60, 66, 79);\">Contact Us<\/span><\/h2> <p  class=\"lead\" style=\"text-align: center;\"><span  style=\"color: rgb(60, 66, 79);\">Please contact us if you have any query related to our products<\/span><\/p><\/div> <\/div> <div  class=\"row text-center\"> <div  class=\"col-xs-12 col-sm-8 col-sm-offset-2 contact-form-wrapper inline-info\"> <div  class=\"card large-padding\"> <div  class=\"\" data-content-shortcode=\"mesmerize_contact_form shortcode=&quot;contact-form-7 id=&amp;amp;quot;3151&amp;amp;quot; title=&amp;amp;quot;Contact form 2&amp;amp;quot;&quot;\" data-editable=\"true\"><div class=\"wpcf7 no-js\" id=\"wpcf7-f3151-o1\" lang=\"es-ES\" dir=\"ltr\">\n<div class=\"screen-reader-response\"><p role=\"status\" aria-live=\"polite\" aria-atomic=\"true\"><\/p> <ul><\/ul><\/div>\n<form action=\"\/index.php?rest_route=%2Fwp%2Fv2%2Fpages%2F2826#wpcf7-f3151-o1\" method=\"post\" class=\"wpcf7-form init\" aria-label=\"Formulario de contacto\" novalidate=\"novalidate\" data-status=\"init\">\n<div style=\"display: none;\">\n<input type=\"hidden\" name=\"_wpcf7\" value=\"3151\" \/>\n<input type=\"hidden\" name=\"_wpcf7_version\" value=\"5.7.2\" \/>\n<input type=\"hidden\" name=\"_wpcf7_locale\" value=\"es_ES\" \/>\n<input type=\"hidden\" name=\"_wpcf7_unit_tag\" value=\"wpcf7-f3151-o1\" \/>\n<input type=\"hidden\" name=\"_wpcf7_container_post\" value=\"0\" \/>\n<input type=\"hidden\" name=\"_wpcf7_posted_data_hash\" value=\"\" \/>\n<\/div>\n<div id=\"responsive-form\" class=\"clearfix\">\n\t<div class=\"form-row\">\n\t\t<div class=\"column-half\">\n\t\t\t<p>Name <span class=\"wpcf7-form-control-wrap\" data-name=\"first-name\"><input size=\"40\" class=\"wpcf7-form-control wpcf7-text wpcf7-validates-as-required\" aria-required=\"true\" aria-invalid=\"false\" value=\"\" type=\"text\" name=\"first-name\" \/><\/span>\n\t\t\t<\/p>\n\t\t<\/div>\n\t\t<div class=\"column-half\">\n\t\t\t<p>Country <span class=\"wpcf7-form-control-wrap\" data-name=\"pais\"><input size=\"40\" class=\"wpcf7-form-control wpcf7-text wpcf7-validates-as-required\" aria-required=\"true\" aria-invalid=\"false\" value=\"\" type=\"text\" name=\"pais\" \/><\/span>\n\t\t\t<\/p>\n\t\t<\/div>\n\t<\/div>\n\t<div class=\"form-row\">\n\t\t<div class=\"column-half\">\n\t\t\t<p>Email <span class=\"wpcf7-form-control-wrap\" data-name=\"your-email\"><input size=\"40\" class=\"wpcf7-form-control wpcf7-text wpcf7-email wpcf7-validates-as-required wpcf7-validates-as-email\" aria-required=\"true\" aria-invalid=\"false\" value=\"\" type=\"email\" name=\"your-email\" \/><\/span>\n\t\t\t<\/p>\n\t\t<\/div>\n\t\t<div class=\"column-half\">\n\t\t\t<p>Phone <span class=\"wpcf7-form-control-wrap\" data-name=\"tel-613\"><input size=\"40\" class=\"wpcf7-form-control wpcf7-text wpcf7-validates-as-required\" aria-required=\"true\" aria-invalid=\"false\" value=\"\" type=\"text\" name=\"tel-613\" \/><\/span>\n\t\t\t<\/p>\n\t\t<\/div>\n\t<\/div>\n\t<div class=\"form-row\">\n\t\t<div class=\"column-full\">\n\t\t\t<p>Subject <span class=\"wpcf7-form-control-wrap\" data-name=\"your-subject\"><input size=\"40\" class=\"wpcf7-form-control wpcf7-text wpcf7-validates-as-required\" aria-required=\"true\" aria-invalid=\"false\" value=\"\" type=\"text\" name=\"your-subject\" \/><\/span>\n\t\t\t<\/p>\n\t\t<\/div>\n\t<\/div>\n\t<div class=\"form-row\">\n\t\t<div class=\"column-full\">\n\t\t\t<p>Message <span class=\"wpcf7-form-control-wrap\" data-name=\"your-message\"><textarea cols=\"40\" rows=\"10\" class=\"wpcf7-form-control wpcf7-textarea\" aria-invalid=\"false\" name=\"your-message\"><\/textarea><\/span>\n\t\t\t<\/p>\n\t\t<\/div>\n\t<\/div>\n\t<div class=\"form-row\">\n\t\t<div class=\"column-full\">\n\t\t\t<p><input class=\"wpcf7-form-control has-spinner wpcf7-submit\" type=\"submit\" value=\"Send\" \/>\n\t\t\t<\/p>\n\t\t<\/div>\n\t<\/div>\n<\/div><!--end responsive-form--><div class=\"wpcf7-response-output\" aria-hidden=\"true\"><\/div><\/form><\/div><\/div><\/div> <\/div><\/div> <\/div><\/div><div  data-label=\"Content\" data-id=\"content--1\" data-export-id=\"content-12\" data-category=\"content\" class=\"content-12 content-section content-section-spacing\" id=\"content-1\" style=\"background-color: rgb(255, 255, 255);\"><div  class=\"gridContainer\"> <div  class=\"row text-center\"><div  class=\"section-title-col\" data-type=\"column\"><p  class=\"\" style=\"text-align: justify;\">In the name of the company we treat the information given in order to send you information about our products via e-mail, letter or phone and invite you to events organized by the company. The data provided is preserved while the cessation of activity is not requested by you. The data will not be transferred to third parties except in cases where there is a legal obligation. You are entitled to obtain confirmation on whether OUR AGRO, S.L. is using your data, therefor you have the right to access to your personal data, modify it or delate it.<\/p>  <\/div> <\/div> <div  class=\"row center-xs middle-xs\"> <div  class=\"col-sm-9\" data-type=\"column\"> <\/div> <\/div><\/div> <\/div><div  data-label=\"Contact\" data-id=\"contact--2\" data-export-id=\"contact-4\" data-category=\"contact\" class=\"contact-4 content-section content-relative\" id=\"contact-2\" style=\"background-color: rgb(255, 255, 255); background-image: none;\" data-section-ov=\"1\"><div  class=\"gridContainer\"> <div  class=\"row\"><div  class=\"col-xs-12 no-gutter-col\"> <div  data-content-shortcode=\"mesmerize_maps address=&quot;Our Agro. Avenida D\u00f3lmenes de Valencina, 52, Pol\u00edgono Industrial NAVEXPO, Nave 1, 41907 Valencina de la Concepci\u00f3n, Sevilla&quot; zoom=&quot;65&quot;\" data-editable=\"true\" class=\"\"><iframe class=\"mesmerize-google-maps mesmerize-frame-map\" src=\"https:\/\/maps.google.com\/maps?q=Our Agro. Avenida D\u00f3lmenes de Valencina, 52, Pol\u00edgono Industrial NAVEXPO, Nave 1, 41907 Valencina de la Concepci\u00f3n, Sevilla&amp;z=14&amp;t=m&amp;output=embed&amp;iwloc=near\"><\/iframe><\/div><\/div> <\/div><\/div> <\/div><div  data-label=\"Features\" data-id=\"features--2\" data-export-id=\"features-13\" data-category=\"features\" class=\"features-13 content-section content-section-spacing\" id=\"features-2\" style=\"background-color: rgb(245, 250, 253); background-size: cover; background-position: center top; background-image: url(&quot;https:\/\/en.ouragro.es\/wp-content\/uploads\/2018\/10\/pie.png&quot;);\"><div  class=\"\"> <div  class=\"row text-center\"><div  class=\"section-title-col\" data-type=\"column\">  <\/div> <\/div> <div  class=\"row spaced-cols\" data-type=\"row\"> <div  class=\"col col-sm-6 col-md-3 space-bottom\">   <p  class=\"\"><\/p> <\/div> <div  class=\"col col-sm-6 col-md-3 space-bottom\">  <p  class=\"\">\r\n<br ><br ><span  style=\"font-weight: 900;\">OUR AGRO, S.L.\r\n<\/span><br ><br >\r\nPol\u00edgono Industrial Navexpo, Nave 1<br >\r\nAvd. D\u00f3lmenes de Valencina,<span  style=\"font-family: Antic, arial, helvetica, sans-serif;\"> 52\r\n<br >41907&nbsp;<\/span>Valencina de la Concepci\u00f3n<br >\r\nSEVILLA \u2013 ESPA\u00d1A<\/p> <\/div> <div  class=\"col col-sm-6 col-md-3 space-bottom\">  <p  class=\"\">\r\n<br ><br ><span  style=\"font-weight: 900;\">CONTACT&nbsp;<\/span><br ><br >\r\n<span  style=\"font-weight: 900;\">Tel:<\/span><span  style=\"font-family: Antic, arial, helvetica, sans-serif;\"> (+34) 955 996 350<\/span><br >\r\n<span  style=\"font-weight: 900;\">Fax:<\/span> <span  style=\"font-family: Antic, arial, helvetica, sans-serif;\">(+34) 955 996 957<\/span><br >\r\n<span  style=\"font-weight: 900;\">Email:<\/span> info@ouragro.es<\/p> <\/div> <div  class=\"col col-sm-6 col-md-3 space-bottom\">  <p  class=\"\">\r\n<br ><br ><span  style=\"font-weight: 900;\">NAVIGATION&nbsp;<\/span><br ><br ><a  href=\"https:\/\/en.ouragro.es\" target=\"_self\" data-cp-link=\"1\" data-mce-selected=\"inline-boundary\">Home<\/a><br ><a  href=\"https:\/\/en.ouragro.es\/about-us\/\" target=\"_self\" data-cp-link=\"1\" data-mce-selected=\"inline-boundary\">About Us<\/a><br >\r\n<a  href=\"https:\/\/en.ouragro.es\/product\/\" target=\"_self\" data-cp-link=\"1\" data-mce-selected=\"inline-boundary\">Products<\/a><br >\r\n<a  href=\" https:\/\/en.ouragro.es\/contact-us\/\" target=\"_self\" data-cp-link=\"1\" data-mce-selected=\"inline-boundary\">Contact Us<\/a><br >\r\n<a  href=\"https:\/\/en.ouragro.es\/privacy-policy\/\" target=\"_self\" data-cp-link=\"1\" data-mce-selected=\"inline-boundary\">Privacy Policy<\/a><br ><a  href=\"https:\/\/en.ouragro.es\/cookies-policy\/\" target=\"_self\" data-cp-link=\"1\" data-mce-selected=\"inline-boundary\">\ufeffCookies Policy<\/a><\/p> <\/div> <\/div><\/div> <\/div>","protected":false},"excerpt":{"rendered":"<p>Contact Us Please contact us if you have any query related to our products In the name of the company we treat the information given in order to send you information about our products via e-mail, letter or phone and invite you to events organized by the company. The data provided is preserved while the&hellip; <br \/> <a class=\"read-more\" href=\"https:\/\/en.ouragro.es\/?page_id=2826\">Read more<\/a><\/p>\n","protected":false},"author":1,"featured_media":0,"parent":0,"menu_order":0,"comment_status":"closed","ping_status":"closed","template":"pro\/page-templates\/full-width-page.php","meta":[],"_links":{"self":[{"href":"https:\/\/en.ouragro.es\/index.php?rest_route=\/wp\/v2\/pages\/2826"}],"collection":[{"href":"https:\/\/en.ouragro.es\/index.php?rest_route=\/wp\/v2\/pages"}],"about":[{"href":"https:\/\/en.ouragro.es\/index.php?rest_route=\/wp\/v2\/types\/page"}],"author":[{"embeddable":true,"href":"https:\/\/en.ouragro.es\/index.php?rest_route=\/wp\/v2\/users\/1"}],"replies":[{"embeddable":true,"href":"https:\/\/en.ouragro.es\/index.php?rest_route=%2Fwp%2Fv2%2Fcomments&post=2826"}],"version-history":[{"count":14,"href":"https:\/\/en.ouragro.es\/index.php?rest_route=\/wp\/v2\/pages\/2826\/revisions"}],"predecessor-version":[{"id":3611,"href":"https:\/\/en.ouragro.es\/index.php?rest_route=\/wp\/v2\/pages\/2826\/revisions\/3611"}],"wp:attachment":[{"href":"https:\/\/en.ouragro.es\/index.php?rest_route=%2Fwp%2Fv2%2Fmedia&parent=2826"}],"curies":[{"name":"wp","href":"https:\/\/api.w.org\/{rel}","templated":true}]}}